{"id":148,"date":"2017-04-14T15:22:11","date_gmt":"2017-04-14T14:22:11","guid":{"rendered":"http:\/\/www.vitalessencia.fr\/blog\/?page_id=148"},"modified":"2018-09-17T14:14:36","modified_gmt":"2018-09-17T13:14:36","slug":"krauter-ol","status":"publish","type":"page","link":"http:\/\/www.vitalessencia.fr\/blog\/krauter-ol\/","title":{"rendered":"Krauter Ol"},"content":{"rendered":"<span class=\"rt-reading-time\" style=\"display: block;\"><span class=\"rt-label rt-prefix\">Temps de lecture\u00a0: <\/span> <span class=\"rt-time\">2<\/span> <span class=\"rt-label rt-postfix\">minutes<\/span><\/span><h3><span style=\"color: #26ae90;\"><b>Pr\u00e9sentation de\u00a0<strong>Krauter Ol<\/strong><\/b><\/span><\/h3>\n<p><span style=\"font-weight: 400;\">Ce produit est compos\u00e9 d\u2019ingr\u00e9dients naturels dans la composition des cosm\u00e9tiques v\u00e9g\u00e9tales. Il est parfaitement bien tol\u00e9r\u00e9 par la peau.<\/span><\/p>\n<p><span style=\"font-weight: 400;\">Les <a href=\"http:\/\/www.vitalessencia.fr\/pages\/krauter_ol_112.html\">huiles <strong>Krauter Ol<\/strong><\/a> sont \u00e9labor\u00e9es \u00e0 partir de diff\u00e9rentes huiles v\u00e9g\u00e9tales et extraits de plantes qui vouent \u00e0 chacune des vertus bien particuli\u00e8res.<\/span><\/p>\n<h3><span style=\"color: #26ae90;\"><b>Dans quel cas\u00a0?<\/b><\/span><\/h3>\n<ul>\n<li style=\"font-weight: 400;\"><span style=\"font-weight: 400;\">Les douleurs articulaires et musculaires<\/span><\/li>\n<li style=\"font-weight: 400;\"><span style=\"font-weight: 400;\">Les traumatismes (entorse, foulure, \u00e9longation,&#8230;) <\/span><\/li>\n<li style=\"font-weight: 400;\"><span style=\"font-weight: 400;\">Les coups et faux mouvements<\/span><\/li>\n<\/ul>\n<p><span style=\"font-weight: 400;\">Vous pouvez utiliser ce produit sur tout le corps\u00a0: la nuque, le dos, les mains et les pieds.<\/span><\/p>\n<p><span style=\"font-weight: 400;\">Cette huile au parfum apaisant est parfaitement adapt\u00e9e aux massages. Elle contient des extraits de calendula et de camomille, plantes m\u00e9dicinales reconnues pour leurs vertus apaisantes et calmantes. Cette synergie s\u2019appliquera en massage sur les endroits douloureux.<\/span><\/p>\n<h3><span style=\"color: #26ae90;\"><b>Comment agit-il?<\/b><\/span><\/h3>\n<p><span style=\"font-weight: 400;\"><a href=\"https:\/\/www.remede-naturel-ancestral.fr\/krauter-ol\"><strong>Krauter Ol<\/strong><\/a> est un v\u00e9ritable cocktail d&rsquo;huiles essentielles connues pour soulager et apaiser les douleurs articulaires, rhumatismales et musculaires. En massage corporel, elle s\u2019appliquera sur les zones concern\u00e9es une \u00e0 plusieurs fois par jour.<\/span><\/p>\n<p><span style=\"font-weight: 400;\">Anti-inflammatoire, cette huile est pr\u00e9conis\u00e9e en cas de chocs, foulures et entorses l\u00e9g\u00e8res, tendinites et \u00e9longations, arthrose, rhumatismes et arthrite.<\/span><\/p>\n<h3><span style=\"color: #26ae90;\"><b>Conseils pratiques <\/b><\/span><\/h3>\n<p><span style=\"font-weight: 400;\">L\u2019utilisation de cette huile s\u2019applique directement sur la peau en massage d\u00e9licat. Le massage est une technique tr\u00e8s efficace pour gagner de l\u2019amplitude articulaire et calmer les douleurs. Pour faciliter sa p\u00e9n\u00e9tration dans la peau, il est recommand\u00e9 de l\u2019appliquer en petites quantit\u00e9s apr\u00e8s la douche ou le bain. On n\u2019utilise que la quantit\u00e9 d\u2019huile que la peau peut absorber.<\/span><\/p>\n<h3><span style=\"color: #26ae90;\"><b>Avis des clients<\/b><\/span><\/h3>\n<p><strong>Yasmina,\u00a0 Paris<\/strong><\/p>\n<p><em>J\u2019ai command\u00e9 ce produit sous formes d\u2019huiles extraites des plantes m\u00e9dicinales efficaces dans les traitements des douleurs d\u2019articulations. Pourriez-vous m\u2019envoyer une vid\u00e9o\u00a0 pour r\u00e9ussir \u00e0 appliquer la technique de massage associ\u00e9e \u00e0 cette huile?<\/em><\/p>\n<p><strong>Fr\u00e9d\u00e9ric, 37 ans<\/strong><\/p>\n<p><em>J\u2019ai eu un faux mouvement au cours de ma s\u00e9ance de Yoga et j\u2019ai eu des douleurs locales concentr\u00e9es autour de ma jambe. D\u00e8s ma premi\u00e8re journ\u00e9e d\u2019essai de KRAUTER OL, j\u2019ai\u00a0 senti une nette am\u00e9lioration et je vous en remercie<br \/>\n<\/em><\/p>\n<p><strong>Th\u00e9mot\u00e9, 20 ans<\/strong><\/p>\n<p><em>Ma m\u00e8re a appr\u00e9ci\u00e9 ce produit et m\u2019a demand\u00e9 de vous contacter pour\u00a0 acheter tout les\u00a0 produits associ\u00e9s \u00e0 Krauter Ol (baume, massage, pommade, huile,\u2026) Comment faire pour commander ?<br \/>\n<\/em><\/p>\n<p><strong>Marine, 55 ans , Paris<\/strong><\/p>\n<p><em>J\u2019ai toujours appr\u00e9ci\u00e9e la nature et j\u2019\u00e9tais attir\u00e9e par vos produits aux diverses extraits d&rsquo;huiles essentielles. Je vous conseille d\u2019acheter le Krauter Ol\u00a0 et pour ses diff\u00e9rentes utilisations de soin corporels.<br \/>\n<\/em><\/p>\n","protected":false},"excerpt":{"rendered":"<p><span class=\"rt-reading-time\" style=\"display: block;\"><span class=\"rt-label rt-prefix\">Temps de lecture\u00a0: <\/span> <span class=\"rt-time\">2<\/span> <span class=\"rt-label rt-postfix\">minutes<\/span><\/span> Pr\u00e9sentation de\u00a0Krauter Ol Ce produit est compos\u00e9 d\u2019ingr\u00e9dients naturels dans la composition des cosm\u00e9tiques v\u00e9g\u00e9tales. Il est parfaitement bien tol\u00e9r\u00e9 par la peau. Les huiles Krauter Ol sont \u00e9labor\u00e9es \u00e0 partir de diff\u00e9rentes huiles v\u00e9g\u00e9tales et extraits de plantes qui vouent \u00e0 chacune des vertus bien particuli\u00e8res. Dans quel cas\u00a0? Les douleurs articulaires et musculaires [&hellip;]<\/p>\n","protected":false},"author":1,"featured_media":0,"parent":0,"menu_order":0,"comment_status":"closed","ping_status":"closed","template":"","meta":{"footnotes":""},"_links":{"self":[{"href":"http:\/\/www.vitalessencia.fr\/blog\/wp-json\/wp\/v2\/pages\/148"}],"collection":[{"href":"http:\/\/www.vitalessencia.fr\/blog\/wp-json\/wp\/v2\/pages"}],"about":[{"href":"http:\/\/www.vitalessencia.fr\/blog\/wp-json\/wp\/v2\/types\/page"}],"author":[{"embeddable":true,"href":"http:\/\/www.vitalessencia.fr\/blog\/wp-json\/wp\/v2\/users\/1"}],"replies":[{"embeddable":true,"href":"http:\/\/www.vitalessencia.fr\/blog\/wp-json\/wp\/v2\/comments?post=148"}],"version-history":[{"count":0,"href":"http:\/\/www.vitalessencia.fr\/blog\/wp-json\/wp\/v2\/pages\/148\/revisions"}],"wp:attachment":[{"href":"http:\/\/www.vitalessencia.fr\/blog\/wp-json\/wp\/v2\/media?parent=148"}],"curies":[{"name":"wp","href":"https:\/\/api.w.org\/{rel}","templated":true}]}}