{"id":132,"date":"2017-04-12T14:27:46","date_gmt":"2017-04-12T13:27:46","guid":{"rendered":"http:\/\/www.vitalessencia.fr\/blog\/?page_id=132"},"modified":"2023-03-09T15:39:52","modified_gmt":"2023-03-09T14:39:52","slug":"massimol","status":"publish","type":"page","link":"https:\/\/www.vitalessencia.fr\/blog\/massimol\/","title":{"rendered":"Massimol"},"content":{"rendered":"<span class=\"rt-reading-time\" style=\"display: block;\"><span class=\"rt-label rt-prefix\">Temps de lecture\u00a0: <\/span> <span class=\"rt-time\">4<\/span> <span class=\"rt-label rt-postfix\">minutes<\/span><\/span><h3><span style=\"color: #ff99cc;\"><b>Caract\u00e9ristiques de la pommade Massimol<\/b><\/span><\/h3>\n<p><span style=\"font-weight: 400; color: #000000;\"><strong>Massimol<\/strong> est un produit 100% Naturel qui renferme une action apaisante au niveau des douleurs musculaires. Il est recommand\u00e9 pour aider \u00e0 soulager les douleurs articulaires li\u00e9es \u00e0 l\u2019arthrite.<\/span><\/p>\n<div id=\"attachment_284\" style=\"width: 363px\" class=\"wp-caption aligncenter\"><a href=\"http:\/\/www.vitalessencia.fr\/blog\/wp-content\/uploads\/2018\/07\/massimol-creme.png\"><img aria-describedby=\"caption-attachment-284\" decoding=\"async\" loading=\"lazy\" class=\" wp-image-284\" src=\"http:\/\/www.vitalessencia.fr\/blog\/wp-content\/uploads\/2018\/07\/massimol-creme-300x200.png\" alt=\"massimol pour les douleurs \u00e0 l'\u00e9paule\" width=\"353\" height=\"235\" srcset=\"https:\/\/www.vitalessencia.fr\/blog\/wp-content\/uploads\/2018\/07\/massimol-creme-300x200.png 300w, https:\/\/www.vitalessencia.fr\/blog\/wp-content\/uploads\/2018\/07\/massimol-creme.png 627w\" sizes=\"(max-width: 353px) 100vw, 353px\" \/><\/a><p id=\"caption-attachment-284\" class=\"wp-caption-text\">Alpenkrauter MASSIMOL tube de 100 ml<\/p><\/div>\n<p style=\"text-align: center;\"><a href=\"https:\/\/www.flovie.fr\/alpenkrauter-massimol-10972187.htm\"><span style=\"color: #ff0000;\">Promo Sp\u00e9ciale : <strong>10.88 euros<\/strong> le tube<\/span><\/a><\/p>\n<p style=\"text-align: center;\"><a href=\"https:\/\/www.flovie.fr\/alpenkrauter-massimol-10972187.htm\"><img decoding=\"async\" loading=\"lazy\" class=\"alignnone wp-image-321\" src=\"https:\/\/www.vitalessencia.fr\/blog\/wp-content\/uploads\/2018\/10\/massimol-pas-cher.jpg\" alt=\"\" width=\"176\" height=\"54\" \/><\/a><\/p>\n<h3><span style=\"color: #ff99cc;\"><b>Composition de la cr\u00e8me MASSIMOL<br \/><\/b><\/span><\/h3>\n<p><span style=\"font-weight: 400; color: #000000;\"><a href=\"http:\/\/www.vitalessencia.fr\/pages\/alpenkrauter.html\"><strong>Massimol<\/strong> <\/a>se compose essentiellement des huiles essentielles de\u00a0:<\/span><\/p>\n<ul>\n<li style=\"font-weight: 400;\"><span style=\"font-weight: 400; color: #000000;\">Huile essentielle de la menthe poivr\u00e9e\u00a0: C\u2019est une huile essentielle analg\u00e9sique et anesth\u00e9siante tr\u00e8s efficace (notamment gr\u00e2ce \u00e0 son effet r\u00e9frig\u00e9rant).<\/span><\/li>\n<li style=\"font-weight: 400;\"><span style=\"font-weight: 400; color: #000000;\">Huile essentielle de lavande\u00a0: C\u2019est l\u2019une des meilleures huiles essentielles pour d\u00e9tendre les muscles bloqu\u00e9s par le stress. D\u00e9noue les contractures et soulage les douleurs musculaires.<\/span><\/li>\n<li style=\"font-weight: 400;\"><span style=\"font-weight: 400; color: #000000;\">Huile essentielle d\u2019Eucalyptus\u00a0: Elle est reconnu pour soulager les contusions, les chocs, les douleurs musculaires et tendineuses.<\/span><\/li>\n<\/ul>\n<h3><span style=\"color: #ff99cc;\"><b>Action du MASSIMOL<br \/><\/b><\/span><\/h3>\n<ul>\n<li style=\"font-weight: 400;\"><span style=\"font-weight: 400; color: #000000;\">Soulage vos douleurs<\/span><\/li>\n<li style=\"font-weight: 400;\"><span style=\"font-weight: 400; color: #000000;\">Calme les tensions musculaires<\/span><\/li>\n<li style=\"font-weight: 400;\"><span style=\"font-weight: 400; color: #000000;\">D\u00e9tend les Muscles et les Tendons <\/span><\/li>\n<li style=\"font-weight: 400;\"><span style=\"font-weight: 400; color: #000000;\">Soulage les <a href=\"http:\/\/www.doctissimo.fr\/html\/dossiers\/rhumatismes\/niv2\/traitement-antidouleur-rhumatismes.htm\">douleurs Rhumatismales <\/a><\/span><\/li>\n<\/ul>\n<p><span style=\"font-weight: 400; color: #000000;\">Cette pommade aide \u00e0 soulager les douleurs musculaires et articulaires gr\u00e2ce \u00e0 son effet rafra\u00eechissant. Elle dispose \u00e9galement d\u2019un effet anesth\u00e9siant local.<\/span><\/p>\n<h3><span style=\"color: #ff99cc;\"><b>Utilisation du produit<\/b><\/span><\/h3>\n<p><span style=\"font-weight: 400; color: #000000;\">Il est recommand\u00e9 d\u2019utiliser <strong>Massimol<\/strong> en cas de courbatures, crampes, d\u00e9chirures&#8230; et \u00a0toutes douleurs musculaires provoqu\u00e9es par des activit\u00e9s physiques\u00a0: lors de tensions musculaires, pendant et apr\u00e8s les entra\u00eenements.<\/span><\/p>\n<p><span style=\"font-weight: 400; color: #000000;\">Appliquer sur la zone \u00e0 soulager et masser jusqu&rsquo;\u00e0 p\u00e9n\u00e9tration compl\u00e8te de la pommade. Vous pouvez r\u00e9aliser un massage pr\u00e9ventif pour stimuler vos muscles, ou un massage curatif apr\u00e8s l\u2019effort. La douleur diminue en l&rsquo;espace de quelques minutes. Son action se fait normalement ressentir plusieurs heures.<\/span><\/p>\n<p><span style=\"font-weight: 400; color: #000000;\">La synergie alliant bienfaisance du massage et propri\u00e9t\u00e9s des composants de <strong>Massimol<\/strong> devrait rapidement att\u00e9nuer la douleur et la g\u00eane.<\/span><\/p>\n<h3><span style=\"color: #ff99cc;\"><b>Avis sur le produit Massimol<\/b><\/span><\/h3>\n<p><strong>Emma , 22 ans, Paris<br \/><\/strong><\/p>\n<p>Ma maman souffre de polyarthrite. Je recherchais un produits naturel apaisant \u00e0 base de plantes. J\u2019ai trouv\u00e9 finalement cette pommade Massimol. Ce produit est tr\u00e8s efficace contre tout les maux articulaires fr\u00e9quents. Je suis tr\u00e8s contente.<\/p>\n<p><strong>Jules, Vienne <\/strong><\/p>\n<p>Je suis sujet \u00e0 des inflammations aigues au dos depuis longtemps. J\u2019ai d\u00e9couvert ce rem\u00e8de naturel gr\u00e2ce \u00e0 votre site, en plus le prix est pas cher du tout . Je recommande ce produit !<\/p>\n<p><strong>Rosaline, 70 ans, Vieux- Nice\u00a0 <\/strong><\/p>\n<p>J\u2019ai enfin trouv\u00e9 un traitement naturel pour soulager mon arthrose qui me fait souffrir depuis des ann\u00e9es. En appliquant un massage doux autour des zones de douleurs articulaires, je ressens rapidement un effet apaisant de bien-\u00eatre gr\u00e2ce \u00e0 cette pommade Massimol. Je vais d\u00e9m\u00e9nager chez ma fille en Italie, est il possible de me faire livrer ce produit l\u00e0 bas ?<\/p>\n<p><strong>Laurent, 33 ans, Paris<\/strong><\/p>\n<p>Je pratique diff\u00e9rent sports extr\u00eames et je fais de la musculation pour avoir un corps muscl\u00e9 :), mais je souffre toujours des d\u00e9rangements articulaires au niveau de mon dos . Votre pommade massimol m&rsquo;aide \u00e9norm\u00e9ment. merci<\/p>\n<h2>Les conseils \u00e0 suivre pour profiter de la cr\u00e8me antidouleur<\/h2>\n<p>On ne le dit pas assez, boire de l\u2019eau est important pour \u00e9viter les douleurs musculaires et articulaires. Cela signifie que vous devez boire au moins 1,5 litre d&rsquo;eau par jour. N&rsquo;oubliez pas de toujours emporter une bouteille d&rsquo;eau avec vous. Ensuite, il est important d&rsquo;avoir une alimentation saine et \u00e9quilibr\u00e9e. Pour les seniors, une s\u00e9ance de marche, d\u2019\u00e9tirement ou d\u2019aquagym est amplement suffisante.<\/p>\n<p>Avant tout, il faut toujours penser \u00e0 pr\u00e9parer sa s\u00e9ance de sport et bien s&rsquo;\u00e9tirer avant et apr\u00e8s l&rsquo;entra\u00eenement. L&rsquo;\u00e9chauffement est donc essentiel, car vous devez pr\u00e9parer vos muscles aux d\u00e9fis \u00e0 venir. Apr\u00e8s votre s\u00e9ance de sport, n&rsquo;oubliez pas de vous \u00e9tirer et de masser les zones tendues avec Massimol. Une petite quantit\u00e9 de cr\u00e8me antidouleur et le tour est jou\u00e9.<\/p>\n<h2>Massimol, le r\u00e9confort musculaire apr\u00e8s l&rsquo;effort<\/h2>\n<p>Apr\u00e8s la douche, il est fortement conseill\u00e9 d\u2019appliquer Massimol sur une peau l\u00e9g\u00e8rement humidifi\u00e9e. Gr\u00e2ce \u00e0 sa formulation efficace contre les douleurs musculaires et articulaires, notamment l\u2019huile essentielle de lavande, l\u2019huile essentielle d\u2019Eucalyptus et l\u2019huile essentielle de menthe poivr\u00e9e. C&rsquo;est un v\u00e9ritable concentr\u00e9 qui soulage les douleurs et apporte un bien-\u00eatre irr\u00e9prochable. Apr\u00e8s votre s\u00e9ance de sport ou de marche, ajoutez quelques gouttes d\u2019eau \u00e0 votre cr\u00e8me antidouleur pour un moment de bien-\u00eatre et d&rsquo;apaisement.<\/p>\n<p>Ce produit est 100% naturel et agit instantan\u00e9ment et profond\u00e9ment pour combattre les douleurs musculaires et articulaires. Il est compos\u00e9 uniquement d&rsquo;huiles essentielles bio, et est soigneusement m\u00e9lang\u00e9.<\/p>\n<p>En cas d\u2019entorse, de tendinite, de petits traumatismes \u2026 Massimol est votre cr\u00e8me id\u00e9ale pour combattre les douleurs et retrouver votre confort articulaire. Pour les seniors, cette cr\u00e8me antidouleur est particuli\u00e8rement recommand\u00e9e pour soulager les inconforts articulaires, notamment les maux de dos et des genoux. Un massage r\u00e9gulier avec <strong>Massimol<\/strong> peut imm\u00e9diatement vous apporter une sensation de fra\u00eecheur et de soulagement.<\/p>\n<h2>Quelques recommandations avant l\u2019utilisation de Massimol\u00a0!<\/h2>\n<p>L&rsquo;utilisation des huiles essentielles n&rsquo;est pas recommand\u00e9e pour tout le monde. En cas de doute, l&rsquo;avis d&rsquo;un professionnel de l&rsquo;aromath\u00e9rapie ou d&rsquo;un m\u00e9decin naturopathe peut \u00eatre requis. Dans tous les cas, \u00e9vitez d&rsquo;utiliser les huiles essentielles sur les personnes souffrant de troubles neurologiques, les femmes enceintes ou allaitantes, et les enfants de moins de 7 ans. N\u2019h\u00e9sitez pas \u00e0 demander l\u2019avis de votre m\u00e9decin pour avoir plus de renseignements.<\/p>\n<p>Appel \u00e0 tous les athl\u00e8tes et non-athl\u00e8tes pr\u00eats \u00e0 porter des v\u00eatements de sport et \u00e0 s&rsquo;entra\u00eener sans l&rsquo;ombre de douleurs musculaires ou autres douleurs articulaires ! Prenez soin de vous et de votre sant\u00e9.\u00a0<\/p>\n<h2>Voir nos conseils et nos astuces sur notre blog<\/h2>\n\n<ul class=\"wp-block-latest-posts__list wp-block-latest-posts\"><li><a class=\"wp-block-latest-posts__post-title\" href=\"https:\/\/www.vitalessencia.fr\/blog\/amincissement-a-la-quete-des-produits-bio\/\">Amincissement \u00e0 la qu\u00eate des produits bio<\/a><\/li>\n<li><a class=\"wp-block-latest-posts__post-title\" href=\"https:\/\/www.vitalessencia.fr\/blog\/pourquoi-choisir-massimol\/\">Pourquoi choisir Massimol\u00a0?<\/a><\/li>\n<li><a class=\"wp-block-latest-posts__post-title\" href=\"https:\/\/www.vitalessencia.fr\/blog\/pourquoi-opter-pour-les-remedes-naturels\/\">Pourquoi opter pour les rem\u00e8des naturels ?<\/a><\/li>\n<li><a class=\"wp-block-latest-posts__post-title\" href=\"https:\/\/www.vitalessencia.fr\/blog\/les-moyens-de-conservation-de-la-poutargue\/\">Les moyens de conservation de la poutargue<\/a><\/li>\n<li><a class=\"wp-block-latest-posts__post-title\" href=\"https:\/\/www.vitalessencia.fr\/blog\/la-meditation-de-pleine-conscience-et-ses-bienfaits\/\">La m\u00e9ditation de pleine conscience et ses bienfaits<\/a><\/li>\n<\/ul>","protected":false},"excerpt":{"rendered":"<p><span class=\"rt-reading-time\" style=\"display: block;\"><span class=\"rt-label rt-prefix\">Temps de lecture\u00a0: <\/span> <span class=\"rt-time\">4<\/span> <span class=\"rt-label rt-postfix\">minutes<\/span><\/span> Caract\u00e9ristiques de la pommade Massimol Massimol est un produit 100% Naturel qui renferme une action apaisante au niveau des douleurs musculaires. Il est recommand\u00e9 pour aider \u00e0 soulager les douleurs articulaires li\u00e9es \u00e0 l\u2019arthrite. Promo Sp\u00e9ciale : 10.88 euros le tube Composition de la cr\u00e8me MASSIMOL Massimol se compose essentiellement des huiles essentielles de\u00a0: Huile \u2026 <a href=\"https:\/\/www.vitalessencia.fr\/blog\/massimol\/\" rel=\"noopener noreferrer\">Lire la suite<\/a><\/p>\n","protected":false},"author":1,"featured_media":0,"parent":0,"menu_order":0,"comment_status":"closed","ping_status":"closed","template":"page-full_width.php","meta":{"footnotes":""},"_links":{"self":[{"href":"https:\/\/www.vitalessencia.fr\/blog\/wp-json\/wp\/v2\/pages\/132"}],"collection":[{"href":"https:\/\/www.vitalessencia.fr\/blog\/wp-json\/wp\/v2\/pages"}],"about":[{"href":"https:\/\/www.vitalessencia.fr\/blog\/wp-json\/wp\/v2\/types\/page"}],"author":[{"embeddable":true,"href":"https:\/\/www.vitalessencia.fr\/blog\/wp-json\/wp\/v2\/users\/1"}],"replies":[{"embeddable":true,"href":"https:\/\/www.vitalessencia.fr\/blog\/wp-json\/wp\/v2\/comments?post=132"}],"version-history":[{"count":0,"href":"https:\/\/www.vitalessencia.fr\/blog\/wp-json\/wp\/v2\/pages\/132\/revisions"}],"wp:attachment":[{"href":"https:\/\/www.vitalessencia.fr\/blog\/wp-json\/wp\/v2\/media?parent=132"}],"curies":[{"name":"wp","href":"https:\/\/api.w.org\/{rel}","templated":true}]}}