{"id":153,"date":"2017-04-25T12:46:37","date_gmt":"2017-04-25T11:46:37","guid":{"rendered":"http:\/\/www.vitalessencia.fr\/blog\/?page_id=153"},"modified":"2018-09-17T14:09:52","modified_gmt":"2018-09-17T13:09:52","slug":"pedimol","status":"publish","type":"page","link":"https:\/\/www.vitalessencia.fr\/blog\/pedimol\/","title":{"rendered":"Pedimol"},"content":{"rendered":"<span class=\"rt-reading-time\" style=\"display: block;\"><span class=\"rt-label rt-prefix\">Temps de lecture\u00a0: <\/span> <span class=\"rt-time\">2<\/span> <span class=\"rt-label rt-postfix\">minutes<\/span><\/span><h3 style=\"color: #d1b606;\"><b>Caract\u00e9ristiques de Pedimol<\/b><\/h3>\n<p><span style=\"font-weight: 400;\"><strong>Pedimol<\/strong> est une pommade antidouleur qui aide \u00e0 soulager les articulations douloureuses et les muscles endoloris par l&rsquo;effort. Elle est \u00e9labor\u00e9e avec des huiles essentielles reconnues pour leurs effets b\u00e9n\u00e9fiques sur l\u2019organisme. C\u2019est une cr\u00e8me anti-inflammatoire puissante : arthrite, tendinites, sciatique, tension musculaire. <\/span><\/p>\n<h3 style=\"color: #d1b606;\"><b>Composition <\/b><\/h3>\n<p><span style=\"font-weight: 400;\"><strong>Pedimol<\/strong> est un m\u00e9lange de plusieurs plantes m\u00e9dicinales connu pour leurs vertus antidouleur musculaires et articulaires.\u00a0: <\/span><\/p>\n<ul>\n<li style=\"font-weight: 400;\"><span style=\"font-weight: 400;\">Menthe poivr\u00e9e <\/span><\/li>\n<li style=\"font-weight: 400;\"><span style=\"font-weight: 400;\">Eucalyptus<\/span><\/li>\n<li style=\"font-weight: 400;\"><span style=\"font-weight: 400;\">Aiguilles de pin<\/span><\/li>\n<li style=\"font-weight: 400;\"><span style=\"font-weight: 400;\">Lavande<\/span><\/li>\n<li style=\"font-weight: 400;\"><a href=\"https:\/\/fr.wikipedia.org\/wiki\/Bergamote\"><span style=\"font-weight: 400;\">Bergamote<\/span><\/a><\/li>\n<li style=\"font-weight: 400;\"><span style=\"font-weight: 400;\">Citronnelle<\/span><\/li>\n<\/ul>\n<p><span style=\"font-weight: 400;\">Lorsque l\u2019articulation est gonfl\u00e9e et douloureuse, le froid que renferme le menthol est particuli\u00e8rement efficace. L\u2019huile essentielle de romarin est scientifiquement reconnue pour favoriser la circulation. <\/span><\/p>\n<p><span style=\"font-weight: 400;\">Vous pouvez l\u2019appliquer pour soulager une entorse, une tendinite, ou au cours d\u2019une pouss\u00e9e douloureuse d\u2019arthrose ou d\u2019arthrite.<\/span><\/p>\n<p><span style=\"font-weight: 400;\">Ce baume est 100% naturel.<\/span><\/p>\n<h3 style=\"color: #d1b606;\"><b>Action<\/b><\/h3>\n<ul>\n<li style=\"font-weight: 400;\"><span style=\"font-weight: 400;\">R\u00e9duit les crampes et spasmes musculaires<\/span><\/li>\n<li style=\"font-weight: 400;\"><span style=\"font-weight: 400;\">Tr\u00e8s b\u00e9n\u00e9fique pour traiter l\u2019ecz\u00e9ma et les br\u00fblures <\/span><\/li>\n<\/ul>\n<p><span style=\"font-weight: 400;\">D\u00e8s son application sur les zones douloureuses, <a href=\"http:\/\/www.vitalessencia.fr\/blog\/vertus-de-citronnelle\" target=\"_blank\" rel=\"noopener noreferrer\"><strong>Pedimol<\/strong><\/a> agit directement pour vous procurer une sensation de bien \u00eatre et de d\u00e9tente. Elle d\u00e9tend la musculature crisp\u00e9e et surmen\u00e9e. Elle redonne de mobilit\u00e9 aux articulations et entra\u00eene une d\u00e9tente psychologique. Son action est instantan\u00e9e. Elle influe d\u2019une mani\u00e8re bienfaisante pour le corps et l\u2019esprit. <\/span><\/p>\n<h3 style=\"color: #d1b606;\"><b>Utilisation <\/b><\/h3>\n<p><span style=\"font-weight: 400;\">Cette pommade s\u2019utilise de pr\u00e9f\u00e9rence par voie cutan\u00e9e sur la zone enflamm\u00e9e. Vous pouvez \u00a0l\u2019appliquer plusieurs fois par jour si la douleur est intense. En provoquant une vasoconstriction, <strong>Pedimol<\/strong> r\u00e9duit l\u2019inflammation locale et l\u2019\u0153d\u00e8me. Il apporte aussi un effet antidouleur imm\u00e9diat.<\/span><\/p>\n<h3 style=\"color: #d1b606;\"><b>Avis de nos clients<\/b><\/h3>\n<p><strong>Camille , 34 ans<\/strong><\/p>\n<p>Si vous cherchez un produit naturel qui vous apporte un effet antidouleur imm\u00e9diat, essayez d\u2019appliquer un massage avec Pedimol. Vous allez sentir une d\u00e9tente globale de votre corps et une bonne\u00a0 humeur.<\/p>\n<p><strong>Juliette, 50 ans <\/strong><\/p>\n<p>J\u2019ai une douleur chronique au niveau de ma colonne vert\u00e9brale. J&rsquo;ai d\u00e9couvert cette solution presque magique rapide et efficace qui m\u2019aide \u00e0 att\u00e9nuer mes douleurs aigues. Pedimol est mon v\u00e9ritable rem\u00e8de naturel antidouleur pr\u00e9f\u00e9r\u00e9.<\/p>\n<p><strong>Rose ,55 ans <\/strong><\/p>\n<p>Je dois avouer que ces plantes m\u00e9dicinales soulagent mes maux de dos, d&rsquo;\u00e9paules, et autres petits,\u2026 L\u2019effet piquant et froid de ce m\u00e9lange des huiles essentielles m\u2019offre une sensation sp\u00e9ciale de d\u00e9tente compl\u00e8te en p\u00e9n\u00e9trant doucement dans ma peau. Super ce produit !<\/p>\n<p><strong>Jacques, 80 ans <\/strong><\/p>\n<p>On m\u2019a dit que j\u2019ai une hernie discale qui me cause du mal depuis des ann\u00e9es. Je cherche un traitement rapide et efficace j\u2019ai essay\u00e9 la pommande Pedimol et j\u2019ai commenc\u00e9 \u00e0 sentir un repos suite \u00e0 chaque massage.<\/p>\n<p>&nbsp;<\/p>\n","protected":false},"excerpt":{"rendered":"<p><span class=\"rt-reading-time\" style=\"display: block;\"><span class=\"rt-label rt-prefix\">Temps de lecture\u00a0: <\/span> <span class=\"rt-time\">2<\/span> <span class=\"rt-label rt-postfix\">minutes<\/span><\/span> Caract\u00e9ristiques de Pedimol Pedimol est une pommade antidouleur qui aide \u00e0 soulager les articulations douloureuses et les muscles endoloris par l&rsquo;effort. Elle est \u00e9labor\u00e9e avec des huiles essentielles reconnues pour leurs effets b\u00e9n\u00e9fiques sur l\u2019organisme. C\u2019est une cr\u00e8me anti-inflammatoire puissante : arthrite, tendinites, sciatique, tension musculaire. Composition Pedimol est un m\u00e9lange de plusieurs plantes m\u00e9dicinales [&hellip;]<\/p>\n","protected":false},"author":1,"featured_media":0,"parent":0,"menu_order":0,"comment_status":"closed","ping_status":"closed","template":"","meta":{"footnotes":""},"_links":{"self":[{"href":"https:\/\/www.vitalessencia.fr\/blog\/wp-json\/wp\/v2\/pages\/153"}],"collection":[{"href":"https:\/\/www.vitalessencia.fr\/blog\/wp-json\/wp\/v2\/pages"}],"about":[{"href":"https:\/\/www.vitalessencia.fr\/blog\/wp-json\/wp\/v2\/types\/page"}],"author":[{"embeddable":true,"href":"https:\/\/www.vitalessencia.fr\/blog\/wp-json\/wp\/v2\/users\/1"}],"replies":[{"embeddable":true,"href":"https:\/\/www.vitalessencia.fr\/blog\/wp-json\/wp\/v2\/comments?post=153"}],"version-history":[{"count":0,"href":"https:\/\/www.vitalessencia.fr\/blog\/wp-json\/wp\/v2\/pages\/153\/revisions"}],"wp:attachment":[{"href":"https:\/\/www.vitalessencia.fr\/blog\/wp-json\/wp\/v2\/media?parent=153"}],"curies":[{"name":"wp","href":"https:\/\/api.w.org\/{rel}","templated":true}]}}