{"id":157,"date":"2017-05-08T10:09:01","date_gmt":"2017-05-08T09:09:01","guid":{"rendered":"http:\/\/www.vitalessencia.fr\/blog\/?page_id=157"},"modified":"2018-09-17T14:19:35","modified_gmt":"2018-09-17T13:19:35","slug":"creme-fleur-de-souci","status":"publish","type":"page","link":"https:\/\/www.vitalessencia.fr\/blog\/creme-fleur-de-souci\/","title":{"rendered":"Cr\u00e8me fleur de souci"},"content":{"rendered":"<span class=\"rt-reading-time\" style=\"display: block;\"><span class=\"rt-label rt-prefix\">Temps de lecture\u00a0: <\/span> <span class=\"rt-time\">2<\/span> <span class=\"rt-label rt-postfix\">minutes<\/span><\/span><h3><span style=\"color: #ff99cc;\"><b>Caract\u00e9ristiques <\/b><\/span><\/h3>\n<p><span style=\"font-weight: 400;\">Extr\u00eamement douce et d\u00e9licate, la <strong>Cr\u00e8me fleur de souci<\/strong> est un excellent antiseptique et cicatrisant. Elle est particuli\u00e8rement efficace pour traiter les probl\u00e8mes cutan\u00e9es, les plaies, les br\u00fblures et les engelures. Il est conseill\u00e9 de l\u2019utiliser dans ces cas\u00a0: irritations cutan\u00e9es, ger\u00e7ures, engelures, petites plaies, psoriasis, ecz\u00e9ma, ulc\u00e8re. La cr\u00e8me va \u00e9galement augmenter l&rsquo;\u00e9lasticit\u00e9 de la peau, l&rsquo;hydrater et combattre le vieillissement.<\/span><\/p>\n<h3><span style=\"color: #ff99cc;\"><b>Composition de la cr\u00e8me fleur de souci<\/b><\/span><\/h3>\n<p><span style=\"font-weight: 400;\">L&rsquo;extrait de souci apporte son pouvoir r\u00e9g\u00e9n\u00e9rant dans la formation de nouveaux tissus. Cette pommade est compos\u00e9e de principes actifs naturels. Comme le nom indique, la cr\u00e8me fleur de souci est compos\u00e9e essentiellement d\u2019extrait de la fleur de souci. <\/span><\/p>\n<h3><span style=\"color: #ff99cc;\"><b>Action<\/b><\/span><\/h3>\n<ul>\n<li style=\"font-weight: 400;\"><span style=\"font-weight: 400;\">Anti-inflammatoire <\/span><\/li>\n<li style=\"font-weight: 400;\"><span style=\"font-weight: 400;\">D\u00e9congestionnante <\/span><\/li>\n<li style=\"font-weight: 400;\"><span style=\"font-weight: 400;\">Anti-\u0153d\u00e9mateuse <\/span><\/li>\n<li style=\"font-weight: 400;\"><span style=\"font-weight: 400;\">Cicatrisante<\/span><\/li>\n<\/ul>\n<p><span style=\"font-weight: 400;\">La <a href=\"http:\/\/www.vitalessencia.fr\/pages\/creme_fleur_de_soucis.html\" target=\"_blank\" rel=\"noopener noreferrer\"><strong>cr\u00e8me fleur de souci<\/strong><\/a> apporte douceur et tonicit\u00e9 aux parties de la peau douloureuses et fissur\u00e9es ainsi que les crevasses sur les mains ou sur les pieds. Elles seront apais\u00e9es et prot\u00e9g\u00e9es gr\u00e2ce \u00e0 la forte concentration en mati\u00e8res grasses et aux agents anti-inflammatoires.<\/span><\/p>\n<h3><span style=\"color: #ff99cc;\"><b>Utilisation <\/b><\/span><\/h3>\n<p><span style=\"font-weight: 400;\">Cette cr\u00e8me douce est sp\u00e9cifiquement \u00e9labor\u00e9e pour votre peau. C\u2019est une bonne solution pour conserver jour apr\u00e8s jour vos mains bien hydrat\u00e9es et renforc\u00e9es contre les agressions ext\u00e9rieures.<\/span><\/p>\n<p><span style=\"font-weight: 400;\">Tr\u00e8s douce, la <strong>cr\u00e8me fleur de souci<\/strong> convient \u00e0 tous les membres de la famille (adulte, enfant et b\u00e9b\u00e9). Elle apaise la peau apr\u00e8s les agressions ext\u00e9rieures. Elle peut \u00eatre utilis\u00e9e pour am\u00e9liorer la qualit\u00e9 de votre peau, pour soigner les douleurs musculaires et rhumatismes.<\/span><\/p>\n<h3><span style=\"color: #ff99cc;\"><b>Avis de nos clients sur\u00a0<span style=\"font-weight: 400;\">la <strong>Cr\u00e8me fleur de souci<\/strong> <\/span><\/b><\/span><\/h3>\n<p><strong>Liliane, 25 ans <\/strong><\/p>\n<p><em>J\u2019\u00e9tais surprise de l\u2019effet anti-inflammatoire associ\u00e9 \u00e0 cette cr\u00e8me. J\u2019ai appliqu\u00e9 une petite quantit\u00e9 sur mes jambes pour traiter un dess\u00e8chement cutan\u00e9 localis\u00e9. produit fantastique !<br \/>\n<\/em><\/p>\n<p><strong>Fatima, 62 ans <\/strong><\/p>\n<p><em>Ma peau est tr\u00e8s sensible et r\u00e9agit imm\u00e9diatement aux agressions ext\u00e9rieures en particulier au niveau de mes pieds et mes mains. J\u2019ai retrouv\u00e9 la douceur de ma peau quelques jours apr\u00e8s l\u2019usage de ce produit performant.<\/em><\/p>\n<p><strong>Josette, 48 ans <\/strong><\/p>\n<p><em>Votre site est mon meilleur fournisseur des soins cosm\u00e9tiques naturels. j\u2019ai enfin trouv\u00e9 une alternative naturelle, efficace , \u00e0 des prix\u00a0 \u00e0 ma port\u00e9e<\/em><\/p>\n<p><strong>Marine, 19 ans <\/strong><\/p>\n<p><em>J\u2019ai eu une brulure sur la main et je n&rsquo;ai pas eu de cicatrice en appliquant fr\u00e9quemment ce baume. Je vous conseille de tester cette cr\u00e8me et d\u2019utiliser les autres produits cosm\u00e9tiques \u00e0 base de plantes m\u00e9dicinales.\u00a0 Soins cutan\u00e9es et le soulagement des douleurs articulaires sont mes pr\u00e9f\u00e9r\u00e9s.<br \/>\n<\/em><\/p>\n","protected":false},"excerpt":{"rendered":"<p><span class=\"rt-reading-time\" style=\"display: block;\"><span class=\"rt-label rt-prefix\">Temps de lecture\u00a0: <\/span> <span class=\"rt-time\">2<\/span> <span class=\"rt-label rt-postfix\">minutes<\/span><\/span> Caract\u00e9ristiques Extr\u00eamement douce et d\u00e9licate, la Cr\u00e8me fleur de souci est un excellent antiseptique et cicatrisant. Elle est particuli\u00e8rement efficace pour traiter les probl\u00e8mes cutan\u00e9es, les plaies, les br\u00fblures et les engelures. Il est conseill\u00e9 de l\u2019utiliser dans ces cas\u00a0: irritations cutan\u00e9es, ger\u00e7ures, engelures, petites plaies, psoriasis, ecz\u00e9ma, ulc\u00e8re. La cr\u00e8me va \u00e9galement augmenter l&rsquo;\u00e9lasticit\u00e9 [&hellip;]<\/p>\n","protected":false},"author":1,"featured_media":0,"parent":0,"menu_order":0,"comment_status":"closed","ping_status":"closed","template":"","meta":{"footnotes":""},"_links":{"self":[{"href":"https:\/\/www.vitalessencia.fr\/blog\/wp-json\/wp\/v2\/pages\/157"}],"collection":[{"href":"https:\/\/www.vitalessencia.fr\/blog\/wp-json\/wp\/v2\/pages"}],"about":[{"href":"https:\/\/www.vitalessencia.fr\/blog\/wp-json\/wp\/v2\/types\/page"}],"author":[{"embeddable":true,"href":"https:\/\/www.vitalessencia.fr\/blog\/wp-json\/wp\/v2\/users\/1"}],"replies":[{"embeddable":true,"href":"https:\/\/www.vitalessencia.fr\/blog\/wp-json\/wp\/v2\/comments?post=157"}],"version-history":[{"count":0,"href":"https:\/\/www.vitalessencia.fr\/blog\/wp-json\/wp\/v2\/pages\/157\/revisions"}],"wp:attachment":[{"href":"https:\/\/www.vitalessencia.fr\/blog\/wp-json\/wp\/v2\/media?parent=157"}],"curies":[{"name":"wp","href":"https:\/\/api.w.org\/{rel}","templated":true}]}}