{"id":36,"date":"2016-08-18T13:34:35","date_gmt":"2016-08-18T12:34:35","guid":{"rendered":"http:\/\/vitalessencia.fr\/blog\/?page_id=36"},"modified":"2017-05-15T11:17:14","modified_gmt":"2017-05-15T10:17:14","slug":"recettes-ancestrales","status":"publish","type":"page","link":"https:\/\/www.vitalessencia.fr\/blog\/recettes-ancestrales\/","title":{"rendered":"Recettes ancestrales de Flovie a base de plantes"},"content":{"rendered":"<span class=\"rt-reading-time\" style=\"display: block;\"><span class=\"rt-label rt-prefix\">Temps de lecture\u00a0: <\/span> <span class=\"rt-time\">&lt;\u00a01<\/span> <span class=\"rt-label rt-postfix\">minute<\/span><\/span><p><a href=\"http:\/\/www.vitalessencia.fr\/blog\/wp-content\/uploads\/2016\/08\/Bol-26-mains-BD.jpg\"><img decoding=\"async\" loading=\"lazy\" class=\"alignleft wp-image-50\" src=\"http:\/\/www.vitalessencia.fr\/blog\/wp-content\/uploads\/2016\/08\/Bol-26-mains-BD-217x300.jpg\" alt=\"recettes ancestrales\" width=\"192\" height=\"265\" srcset=\"https:\/\/www.vitalessencia.fr\/blog\/wp-content\/uploads\/2016\/08\/Bol-26-mains-BD-217x300.jpg 217w, https:\/\/www.vitalessencia.fr\/blog\/wp-content\/uploads\/2016\/08\/Bol-26-mains-BD.jpg 445w\" sizes=\"(max-width: 192px) 100vw, 192px\" \/><\/a>Nos recettes ancestrales utilisent La force saine de la nature pour Soulager vos douleurs, \u00e9viter les jambes lourdes, hydrater votre peau ou encore vous prot\u00e9ger des divers probl\u00e8mes de peau.<\/p>\n<p>Nos recettes ancestrales s&rsquo;utilisent depuis environ 60 ans. Elles sont aujourd&rsquo;hui tr\u00e8s appr\u00e9ci\u00e9es et sont consid\u00e9r\u00e9es comme des recettes ancestrales de grand m\u00e8re.<\/p>\n<p>D\u00e9couvrez \u00e9galement le site de vente des produits Flovie : <a href=\"http:\/\/www.flovie.fr\">www.flovie.fr<\/a><\/p>\n","protected":false},"excerpt":{"rendered":"<p><span class=\"rt-reading-time\" style=\"display: block;\"><span class=\"rt-label rt-prefix\">Temps de lecture\u00a0: <\/span> <span class=\"rt-time\">&lt;\u00a01<\/span> <span class=\"rt-label rt-postfix\">minute<\/span><\/span> Nos recettes ancestrales utilisent La force saine de la nature pour Soulager vos douleurs, \u00e9viter les jambes lourdes, hydrater votre peau ou encore vous prot\u00e9ger des divers probl\u00e8mes de peau. Nos recettes ancestrales s&rsquo;utilisent depuis environ 60 ans. Elles sont aujourd&rsquo;hui tr\u00e8s appr\u00e9ci\u00e9es et sont consid\u00e9r\u00e9es comme des recettes ancestrales de grand m\u00e8re. D\u00e9couvrez \u00e9galement [&hellip;]<\/p>\n","protected":false},"author":1,"featured_media":0,"parent":0,"menu_order":0,"comment_status":"closed","ping_status":"closed","template":"","meta":{"footnotes":""},"_links":{"self":[{"href":"https:\/\/www.vitalessencia.fr\/blog\/wp-json\/wp\/v2\/pages\/36"}],"collection":[{"href":"https:\/\/www.vitalessencia.fr\/blog\/wp-json\/wp\/v2\/pages"}],"about":[{"href":"https:\/\/www.vitalessencia.fr\/blog\/wp-json\/wp\/v2\/types\/page"}],"author":[{"embeddable":true,"href":"https:\/\/www.vitalessencia.fr\/blog\/wp-json\/wp\/v2\/users\/1"}],"replies":[{"embeddable":true,"href":"https:\/\/www.vitalessencia.fr\/blog\/wp-json\/wp\/v2\/comments?post=36"}],"version-history":[{"count":0,"href":"https:\/\/www.vitalessencia.fr\/blog\/wp-json\/wp\/v2\/pages\/36\/revisions"}],"wp:attachment":[{"href":"https:\/\/www.vitalessencia.fr\/blog\/wp-json\/wp\/v2\/media?parent=36"}],"curies":[{"name":"wp","href":"https:\/\/api.w.org\/{rel}","templated":true}]}}